{"id":96,"date":"2020-06-19T09:09:50","date_gmt":"2020-06-19T07:09:50","guid":{"rendered":"https:\/\/rhein-erft-kreis.de\/kulturnetz\/kulturwochen\/?page_id=96"},"modified":"2022-08-15T17:23:19","modified_gmt":"2022-08-15T15:23:19","slug":"frechen","status":"publish","type":"page","link":"https:\/\/www2.rhein-erft-kreis.de\/kulturnetz\/kulturwochen\/frechen\/","title":{"rendered":"Frechen"},"content":{"rendered":"\t\t<div data-elementor-type=\"wp-page\" data-elementor-id=\"96\" class=\"elementor elementor-96\" data-elementor-settings=\"[]\">\n\t\t\t\t\t\t<div class=\"elementor-inner\">\n\t\t\t\t\t\t\t<div class=\"elementor-section-wrap\">\n\t\t\t\t\t\t\t<section class=\"elementor-section elementor-top-section elementor-element elementor-element-1aff665 elementor-section-boxed elementor-section-height-default elementor-section-height-default\" data-id=\"1aff665\" data-element_type=\"section\">\n\t\t\t\t\t\t<div class=\"elementor-container elementor-column-gap-default\">\n\t\t\t\t\t\t\t<div class=\"elementor-row\">\n\t\t\t\t\t<div class=\"elementor-column elementor-col-100 elementor-top-column elementor-element elementor-element-3644640\" data-id=\"3644640\" data-element_type=\"column\">\n\t\t\t<div class=\"elementor-column-wrap elementor-element-populated\">\n\t\t\t\t\t\t\t<div class=\"elementor-widget-wrap\">\n\t\t\t\t\t\t<div class=\"elementor-element elementor-element-ff509da elementor-widget elementor-widget-text-editor\" data-id=\"ff509da\" data-element_type=\"widget\" data-widget_type=\"text-editor.default\">\n\t\t\t\t<div class=\"elementor-widget-container\">\n\t\t\t\t\t<div class=\"elementor-text-editor elementor-clearfix\"><p>Mittwoch, 02.10.2022, 14.00 Uhr<\/p><p><strong>Synagoge an der Roonstra\u00dfe. <\/strong><br \/><strong>Der Treffpunkt wird nach der Anmeldung mitgeteilt.<\/strong><\/p><h2><strong>Besuch der Synagoge Roonstra\u00dfe <\/strong><strong>in K\u00f6ln<\/strong><\/h2><p>Die neuromanische Synagoge in der K\u00f6lner Roonstra\u00dfe ist das kulturelle Zentrum der Synagogen-Gemeinde in K\u00f6ln. Bei der F\u00fchrung erhalten Sie einen Einblick in die Geschichte des j\u00fcdischen Lebens in K\u00f6ln.<br \/>Weitere Informationen unter: <br \/>www.vhs-frechen.de<\/p><\/div>\n\t\t\t\t<\/div>\n\t\t\t\t<\/div>\n\t\t\t\t<div class=\"elementor-element elementor-element-3c98f5e elementor-widget elementor-widget-text-editor\" data-id=\"3c98f5e\" data-element_type=\"widget\" data-widget_type=\"text-editor.default\">\n\t\t\t\t<div class=\"elementor-widget-container\">\n\t\t\t\t\t<div class=\"elementor-text-editor elementor-clearfix\"><p><strong><em>Eintrittspreis:\u00a0<\/em><\/strong><\/p><ul><li>8 Euro<\/li><\/ul><p><strong>Vorverkaufsstellen:<\/strong><\/p><ul><li>VHS Frechen, Hauptstra\u00dfe 110-112, 50226 Frechen<\/li><\/ul><hr \/><pre>VHS Frechen, 02234-501-1256, Antje.Laacks@stadt-frechen.de <\/pre><\/div>\n\t\t\t\t<\/div>\n\t\t\t\t<\/div>\n\t\t\t\t<div class=\"elementor-element elementor-element-1b865fb elementor-widget-divider--view-line elementor-widget elementor-widget-divider\" data-id=\"1b865fb\" data-element_type=\"widget\" data-widget_type=\"divider.default\">\n\t\t\t\t<div class=\"elementor-widget-container\">\n\t\t\t\t\t<div class=\"elementor-divider\">\n\t\t\t<span class=\"elementor-divider-separator\">\n\t\t\t\t\t\t<\/span>\n\t\t<\/div>\n\t\t\t\t<\/div>\n\t\t\t\t<\/div>\n\t\t\t\t\t\t<\/div>\n\t\t\t\t\t<\/div>\n\t\t<\/div>\n\t\t\t\t\t\t\t\t<\/div>\n\t\t\t\t\t<\/div>\n\t\t<\/section>\n\t\t\t\t<section class=\"elementor-section elementor-top-section elementor-element elementor-element-3e07ef9 elementor-section-boxed elementor-section-height-default elementor-section-height-default\" data-id=\"3e07ef9\" data-element_type=\"section\">\n\t\t\t\t\t\t<div class=\"elementor-container elementor-column-gap-default\">\n\t\t\t\t\t\t\t<div class=\"elementor-row\">\n\t\t\t\t\t<div class=\"elementor-column elementor-col-100 elementor-top-column elementor-element elementor-element-6da0877\" data-id=\"6da0877\" data-element_type=\"column\">\n\t\t\t<div class=\"elementor-column-wrap elementor-element-populated\">\n\t\t\t\t\t\t\t<div class=\"elementor-widget-wrap\">\n\t\t\t\t\t\t<div class=\"elementor-element elementor-element-8a70bfb elementor-widget elementor-widget-text-editor\" data-id=\"8a70bfb\" data-element_type=\"widget\" data-widget_type=\"text-editor.default\">\n\t\t\t\t<div class=\"elementor-widget-container\">\n\t\t\t\t\t<div class=\"elementor-text-editor elementor-clearfix\"><p>Donnerstag, 03.11.2022, 18.00 Uhr<\/p><p><strong>Stadtarchiv Frechen, <\/strong><br \/><strong>Hauptstra\u00dfe 110-112, 50226 Frechen<\/strong><\/p><h2><strong>Die aufklappbare Synagoge von <\/strong><strong>Babyn Yar bei Kiew <\/strong><br \/><strong>\u2013 Ein Vortrag von Monika Gr\u00fcbel<\/strong><\/h2><p>Der aktuelle Krieg in der Ukraine ersch\u00fcttert uns und konfrontiert uns auch immer wieder mit der Geschichte der Ukraine. In Babyn Yar, im Westen von Kiew, wo Anfang M\u00e4rz 2022 Menschen durch russische Raketen ihr Leben verloren, ver\u00fcbten am 29. und 30. September 1941 Deutsche ein grauenvolles Massaker an 34.000 j\u00fcdischen Ukrainerinnen und Ukrainern. Zum Andenken daran wurde im September 2021 auf dem Gel\u00e4nde eine Holzsynagoge er\u00f6ffnet. Im Vortrag werden die Synagoge und die Geschichte des Ortes sowie Aspekte des ukrainischen Judentums vorgestellt. <br \/>Zur Referentin: Monika Gr\u00fcbel ist Judaistin im LVR-Institut f\u00fcr Landeskunde und Regionalgeschichte in Bonn und Leiterin des LVR-Kulturhaus Landsynagoge R\u00f6dingen.<\/p><\/div>\n\t\t\t\t<\/div>\n\t\t\t\t<\/div>\n\t\t\t\t<div class=\"elementor-element elementor-element-db0a147 elementor-widget elementor-widget-text-editor\" data-id=\"db0a147\" data-element_type=\"widget\" data-widget_type=\"text-editor.default\">\n\t\t\t\t<div class=\"elementor-widget-container\">\n\t\t\t\t\t<div class=\"elementor-text-editor elementor-clearfix\"><p><strong><em>Eintrittspreis:\u00a0<\/em><\/strong><\/p><ul><li>frei<\/li><\/ul><hr \/><pre>Stadtarchiv Frechen, 02234-501-1239, archiv@stadt-frechen.de <\/pre><\/div>\n\t\t\t\t<\/div>\n\t\t\t\t<\/div>\n\t\t\t\t<div class=\"elementor-element elementor-element-756b304 elementor-widget-divider--view-line elementor-widget elementor-widget-divider\" data-id=\"756b304\" data-element_type=\"widget\" data-widget_type=\"divider.default\">\n\t\t\t\t<div class=\"elementor-widget-container\">\n\t\t\t\t\t<div class=\"elementor-divider\">\n\t\t\t<span class=\"elementor-divider-separator\">\n\t\t\t\t\t\t<\/span>\n\t\t<\/div>\n\t\t\t\t<\/div>\n\t\t\t\t<\/div>\n\t\t\t\t\t\t<\/div>\n\t\t\t\t\t<\/div>\n\t\t<\/div>\n\t\t\t\t\t\t\t\t<\/div>\n\t\t\t\t\t<\/div>\n\t\t<\/section>\n\t\t\t\t<section class=\"elementor-section elementor-top-section elementor-element elementor-element-486580a elementor-section-boxed elementor-section-height-default elementor-section-height-default\" data-id=\"486580a\" data-element_type=\"section\">\n\t\t\t\t\t\t<div class=\"elementor-container elementor-column-gap-default\">\n\t\t\t\t\t\t\t<div class=\"elementor-row\">\n\t\t\t\t\t<div class=\"elementor-column elementor-col-100 elementor-top-column elementor-element elementor-element-2003c0d\" data-id=\"2003c0d\" data-element_type=\"column\">\n\t\t\t<div class=\"elementor-column-wrap elementor-element-populated\">\n\t\t\t\t\t\t\t<div class=\"elementor-widget-wrap\">\n\t\t\t\t\t\t<div class=\"elementor-element elementor-element-873629d elementor-widget elementor-widget-text-editor\" data-id=\"873629d\" data-element_type=\"widget\" data-widget_type=\"text-editor.default\">\n\t\t\t\t<div class=\"elementor-widget-container\">\n\t\t\t\t\t<div class=\"elementor-text-editor elementor-clearfix\"><p>Montag, 07.11.2022, 19.30 Uhr<\/p><p><strong>Stadtb\u00fccherei Frechen, <\/strong><br \/><strong>Johann Schmitz-Platz 1-3, 50226 Frechen<\/strong><\/p><h2><strong>Lesung mit Lana Lux<\/strong><\/h2><p>Die als Kind aus der Ukraine nach Deutschland eingewanderte Autorin Lana Lux liest aus ihrem neuen Buch \u201eJ\u00e4gerin und Sammlerin\u201c. Lux erreichte zun\u00e4chst Bekanntheit mit ihrem Blog \u201e52 Schabbatot\u201c. Mit ihrem Deb\u00fctroman \u201eKukolka\u201c, welches von Kritikern hochgelobt wurde, erreichte sie ein breites Publikum. <br \/>Informationen zum Buch unter: <br \/>https:\/\/www.aufbau-verlage.de<\/p><\/div>\n\t\t\t\t<\/div>\n\t\t\t\t<\/div>\n\t\t\t\t<div class=\"elementor-element elementor-element-0a43d35 elementor-widget elementor-widget-text-editor\" data-id=\"0a43d35\" data-element_type=\"widget\" data-widget_type=\"text-editor.default\">\n\t\t\t\t<div class=\"elementor-widget-container\">\n\t\t\t\t\t<div class=\"elementor-text-editor elementor-clearfix\"><p><strong><em>Eintrittspreis:\u00a0<\/em><\/strong><\/p><ul><li>5 Euro<\/li><\/ul><hr \/><pre>Stadtb\u00fccherei Frechen, <br \/>Tel: 02234-501-1340, <br \/>Email: stadtbuecherei@stadt-frechen.de<\/pre><\/div>\n\t\t\t\t<\/div>\n\t\t\t\t<\/div>\n\t\t\t\t<div class=\"elementor-element elementor-element-1ba0fd2 elementor-widget-divider--view-line elementor-widget elementor-widget-divider\" data-id=\"1ba0fd2\" data-element_type=\"widget\" data-widget_type=\"divider.default\">\n\t\t\t\t<div class=\"elementor-widget-container\">\n\t\t\t\t\t<div class=\"elementor-divider\">\n\t\t\t<span class=\"elementor-divider-separator\">\n\t\t\t\t\t\t<\/span>\n\t\t<\/div>\n\t\t\t\t<\/div>\n\t\t\t\t<\/div>\n\t\t\t\t\t\t<\/div>\n\t\t\t\t\t<\/div>\n\t\t<\/div>\n\t\t\t\t\t\t\t\t<\/div>\n\t\t\t\t\t<\/div>\n\t\t<\/section>\n\t\t\t\t\t\t<\/div>\n\t\t\t\t\t\t<\/div>\n\t\t\t\t\t<\/div>\n\t\t","protected":false},"excerpt":{"rendered":"<p>Mittwoch, 02.10.2022, 14.00 Uhr Synagoge an der Roonstra\u00dfe. Der Treffpunkt wird nach der Anmeldung mitgeteilt. Besuch der Synagoge Roonstra\u00dfe in K\u00f6ln Die neuromanische Synagoge in der K\u00f6lner Roonstra\u00dfe ist das kulturelle Zentrum der Synagogen-Gemeinde in K\u00f6ln. Bei der F\u00fchrung erhalten Sie einen Einblick in die Geschichte des j\u00fcdischen Lebens in K\u00f6ln.Weitere Informationen unter: www.vhs-frechen.de Eintrittspreis:\u00a0 8 Euro Vorverkaufsstellen: VHS Frechen,<\/p>\n<p><a class=\"more-link\" href=\"https:\/\/www2.rhein-erft-kreis.de\/kulturnetz\/kulturwochen\/frechen\/\">Weiterlesen<\/a><\/p>\n","protected":false},"author":2,"featured_media":0,"parent":0,"menu_order":0,"comment_status":"closed","ping_status":"closed","template":"","meta":[],"_links":{"self":[{"href":"https:\/\/www2.rhein-erft-kreis.de\/kulturnetz\/kulturwochen\/wp-json\/wp\/v2\/pages\/96"}],"collection":[{"href":"https:\/\/www2.rhein-erft-kreis.de\/kulturnetz\/kulturwochen\/wp-json\/wp\/v2\/pages"}],"about":[{"href":"https:\/\/www2.rhein-erft-kreis.de\/kulturnetz\/kulturwochen\/wp-json\/wp\/v2\/types\/page"}],"author":[{"embeddable":true,"href":"https:\/\/www2.rhein-erft-kreis.de\/kulturnetz\/kulturwochen\/wp-json\/wp\/v2\/users\/2"}],"replies":[{"embeddable":true,"href":"https:\/\/www2.rhein-erft-kreis.de\/kulturnetz\/kulturwochen\/wp-json\/wp\/v2\/comments?post=96"}],"version-history":[{"count":32,"href":"https:\/\/www2.rhein-erft-kreis.de\/kulturnetz\/kulturwochen\/wp-json\/wp\/v2\/pages\/96\/revisions"}],"predecessor-version":[{"id":780,"href":"https:\/\/www2.rhein-erft-kreis.de\/kulturnetz\/kulturwochen\/wp-json\/wp\/v2\/pages\/96\/revisions\/780"}],"wp:attachment":[{"href":"https:\/\/www2.rhein-erft-kreis.de\/kulturnetz\/kulturwochen\/wp-json\/wp\/v2\/media?parent=96"}],"curies":[{"name":"wp","href":"https:\/\/api.w.org\/{rel}","templated":true}]}}