{"id":79,"date":"2020-06-18T10:59:48","date_gmt":"2020-06-18T08:59:48","guid":{"rendered":"https:\/\/rhein-erft-kreis.de\/kulturnetz\/kulturwochen\/?page_id=79"},"modified":"2022-08-15T17:16:20","modified_gmt":"2022-08-15T15:16:20","slug":"elsdorf","status":"publish","type":"page","link":"https:\/\/www2.rhein-erft-kreis.de\/kulturnetz\/kulturwochen\/elsdorf\/","title":{"rendered":"Elsdorf"},"content":{"rendered":"\t\t<div data-elementor-type=\"wp-page\" data-elementor-id=\"79\" class=\"elementor elementor-79\" data-elementor-settings=\"[]\">\n\t\t\t\t\t\t<div class=\"elementor-inner\">\n\t\t\t\t\t\t\t<div class=\"elementor-section-wrap\">\n\t\t\t\t\t\t\t<section class=\"elementor-section elementor-top-section elementor-element elementor-element-d7bde2d elementor-section-boxed elementor-section-height-default elementor-section-height-default\" data-id=\"d7bde2d\" data-element_type=\"section\">\n\t\t\t\t\t\t<div class=\"elementor-container elementor-column-gap-default\">\n\t\t\t\t\t\t\t<div class=\"elementor-row\">\n\t\t\t\t\t<div class=\"elementor-column elementor-col-100 elementor-top-column elementor-element elementor-element-16405ac\" data-id=\"16405ac\" data-element_type=\"column\">\n\t\t\t<div class=\"elementor-column-wrap elementor-element-populated\">\n\t\t\t\t\t\t\t<div class=\"elementor-widget-wrap\">\n\t\t\t\t\t\t<section class=\"elementor-section elementor-inner-section elementor-element elementor-element-d360da2 elementor-section-boxed elementor-section-height-default elementor-section-height-default\" data-id=\"d360da2\" data-element_type=\"section\">\n\t\t\t\t\t\t<div class=\"elementor-container elementor-column-gap-default\">\n\t\t\t\t\t\t\t<div class=\"elementor-row\">\n\t\t\t\t\t<div class=\"elementor-column elementor-col-50 elementor-inner-column elementor-element elementor-element-6f8b915\" data-id=\"6f8b915\" data-element_type=\"column\">\n\t\t\t<div class=\"elementor-column-wrap elementor-element-populated\">\n\t\t\t\t\t\t\t<div class=\"elementor-widget-wrap\">\n\t\t\t\t\t\t<div class=\"elementor-element elementor-element-0bfe116 elementor-widget elementor-widget-text-editor\" data-id=\"0bfe116\" data-element_type=\"widget\" data-widget_type=\"text-editor.default\">\n\t\t\t\t<div class=\"elementor-widget-container\">\n\t\t\t\t\t<div class=\"elementor-text-editor elementor-clearfix\"><p style=\"font-size: 14px; line-height: 1.71429; text-align: left;\">Freitag, 21.10.2022, 16.00 Uhr<\/p><p style=\"font-size: 14px; line-height: 1.71429; text-align: left;\"><strong>Die F\u00fchrung beginnt <\/strong><br \/><strong>an der Gedenkst\u00e4tte der ehemaligen Synagoge<\/strong><br \/><strong>K\u00f6ln-Aachener-Stra\u00dfe 62, 50189 Elsdorf<\/strong><\/p><h2 style=\"text-align: left;\"><strong>Stolperstein-Spaziergang \u2013<\/strong><br \/><strong>\u201eGegen das Vergessen\u201c<\/strong><\/h2><\/div>\n\t\t\t\t<\/div>\n\t\t\t\t<\/div>\n\t\t\t\t\t\t<\/div>\n\t\t\t\t\t<\/div>\n\t\t<\/div>\n\t\t\t\t<div class=\"elementor-column elementor-col-50 elementor-inner-column elementor-element elementor-element-a904c79\" data-id=\"a904c79\" data-element_type=\"column\">\n\t\t\t<div class=\"elementor-column-wrap elementor-element-populated\">\n\t\t\t\t\t\t\t<div class=\"elementor-widget-wrap\">\n\t\t\t\t\t\t<div class=\"elementor-element elementor-element-873ac64 elementor-widget elementor-widget-image\" data-id=\"873ac64\" data-element_type=\"widget\" data-widget_type=\"image.default\">\n\t\t\t\t<div class=\"elementor-widget-container\">\n\t\t\t\t\t<div class=\"elementor-image\">\n\t\t\t\t\t\t\t<figure class=\"wp-caption\">\n\t\t\t\t\t\t\t\t\t\t<img width=\"300\" height=\"225\" src=\"https:\/\/www2.rhein-erft-kreis.de\/kulturnetz\/kulturwochen\/wp-content\/uploads\/2022\/08\/Elsdorf.Hausmann_1-300x225.jpg\" class=\"attachment-medium size-medium\" alt=\"\" loading=\"lazy\" srcset=\"https:\/\/www2.rhein-erft-kreis.de\/kulturnetz\/kulturwochen\/wp-content\/uploads\/2022\/08\/Elsdorf.Hausmann_1-300x225.jpg 300w, https:\/\/www2.rhein-erft-kreis.de\/kulturnetz\/kulturwochen\/wp-content\/uploads\/2022\/08\/Elsdorf.Hausmann_1-1024x768.jpg 1024w, https:\/\/www2.rhein-erft-kreis.de\/kulturnetz\/kulturwochen\/wp-content\/uploads\/2022\/08\/Elsdorf.Hausmann_1-768x576.jpg 768w, https:\/\/www2.rhein-erft-kreis.de\/kulturnetz\/kulturwochen\/wp-content\/uploads\/2022\/08\/Elsdorf.Hausmann_1-1536x1152.jpg 1536w, https:\/\/www2.rhein-erft-kreis.de\/kulturnetz\/kulturwochen\/wp-content\/uploads\/2022\/08\/Elsdorf.Hausmann_1-2048x1536.jpg 2048w, https:\/\/www2.rhein-erft-kreis.de\/kulturnetz\/kulturwochen\/wp-content\/uploads\/2022\/08\/Elsdorf.Hausmann_1-800x600.jpg 800w, https:\/\/www2.rhein-erft-kreis.de\/kulturnetz\/kulturwochen\/wp-content\/uploads\/2022\/08\/Elsdorf.Hausmann_1-400x300.jpg 400w\" sizes=\"(max-width: 300px) 100vw, 300px\" \/>\t\t\t\t\t\t\t\t\t\t\t<figcaption class=\"widget-image-caption wp-caption-text\">\u00a9 Stadt Elsdorf<\/figcaption>\n\t\t\t\t\t\t\t\t\t\t<\/figure>\n\t\t\t\t\t<\/div>\n\t\t\t\t<\/div>\n\t\t\t\t<\/div>\n\t\t\t\t\t\t<\/div>\n\t\t\t\t\t<\/div>\n\t\t<\/div>\n\t\t\t\t\t\t\t\t<\/div>\n\t\t\t\t\t<\/div>\n\t\t<\/section>\n\t\t\t\t<div class=\"elementor-element elementor-element-f15901b elementor-widget elementor-widget-text-editor\" data-id=\"f15901b\" data-element_type=\"widget\" data-widget_type=\"text-editor.default\">\n\t\t\t\t<div class=\"elementor-widget-container\">\n\t\t\t\t\t<div class=\"elementor-text-editor elementor-clearfix\"><p>Josi Schlang nimmt uns mit auf einen Spaziergang zu 20 Stolpersteinen im Elsdorfer Stadtgebiet. Die pensionierte Lehrerin besch\u00e4ftigt sich seit langem mit der Geschichte der Juden in Elsdorf und hat dar\u00fcber im Jahr 1983, gemeinsam mit ihren Sch\u00fclern eine, auch in wissenschaftlichen Kreisen, viel beachtete Projektarbeit herausgegeben.<\/p><p>Pers\u00f6nliche Kontakte zu \u00dcberlebenden des Holocaust erm\u00f6glichten ihr tiefe Einblicke in die Familiengeschichte manch j\u00fcdischer Familie aus Elsdorf. So wird sie unter anderem von der Familie Hausmann erz\u00e4hlen, die auf der Mittelstra\u00dfe wohnte. In Erinnerung an die Hausmanns wurden im letzten Jahr bis dato letzte Stolpersteine in Elsdorf verlegt.<\/p><\/div>\n\t\t\t\t<\/div>\n\t\t\t\t<\/div>\n\t\t\t\t<div class=\"elementor-element elementor-element-51bff44 elementor-widget elementor-widget-text-editor\" data-id=\"51bff44\" data-element_type=\"widget\" data-widget_type=\"text-editor.default\">\n\t\t\t\t<div class=\"elementor-widget-container\">\n\t\t\t\t\t<div class=\"elementor-text-editor elementor-clearfix\"><p><strong><em>Eintrittspreis:\u00a0<\/em><\/strong><\/p><ul><li>Die Teilnahme ist kostenlos.<\/li><li>Es wird jedoch um eine Anmeldung gebeten unter:<br \/>kultur@elsdorf.de oder 02274 \/ 709-321.<\/li><\/ul><hr \/><pre>Veranstalter: Stadt Elsdorf<\/pre><\/div>\n\t\t\t\t<\/div>\n\t\t\t\t<\/div>\n\t\t\t\t<div class=\"elementor-element elementor-element-1542216 elementor-widget-divider--view-line elementor-widget elementor-widget-divider\" data-id=\"1542216\" data-element_type=\"widget\" data-widget_type=\"divider.default\">\n\t\t\t\t<div class=\"elementor-widget-container\">\n\t\t\t\t\t<div class=\"elementor-divider\">\n\t\t\t<span class=\"elementor-divider-separator\">\n\t\t\t\t\t\t<\/span>\n\t\t<\/div>\n\t\t\t\t<\/div>\n\t\t\t\t<\/div>\n\t\t\t\t\t\t<\/div>\n\t\t\t\t\t<\/div>\n\t\t<\/div>\n\t\t\t\t\t\t\t\t<\/div>\n\t\t\t\t\t<\/div>\n\t\t<\/section>\n\t\t\t\t\t\t<\/div>\n\t\t\t\t\t\t<\/div>\n\t\t\t\t\t<\/div>\n\t\t","protected":false},"excerpt":{"rendered":"<p>Freitag, 21.10.2022, 16.00 Uhr Die F\u00fchrung beginnt an der Gedenkst\u00e4tte der ehemaligen SynagogeK\u00f6ln-Aachener-Stra\u00dfe 62, 50189 Elsdorf Stolperstein-Spaziergang \u2013\u201eGegen das Vergessen\u201c \u00a9 Stadt Elsdorf Josi Schlang nimmt uns mit auf einen Spaziergang zu 20 Stolpersteinen im Elsdorfer Stadtgebiet. Die pensionierte Lehrerin besch\u00e4ftigt sich seit langem mit der Geschichte der Juden in Elsdorf und hat dar\u00fcber im Jahr 1983, gemeinsam mit ihren<\/p>\n<p><a class=\"more-link\" href=\"https:\/\/www2.rhein-erft-kreis.de\/kulturnetz\/kulturwochen\/elsdorf\/\">Weiterlesen<\/a><\/p>\n","protected":false},"author":2,"featured_media":0,"parent":0,"menu_order":0,"comment_status":"closed","ping_status":"closed","template":"","meta":[],"_links":{"self":[{"href":"https:\/\/www2.rhein-erft-kreis.de\/kulturnetz\/kulturwochen\/wp-json\/wp\/v2\/pages\/79"}],"collection":[{"href":"https:\/\/www2.rhein-erft-kreis.de\/kulturnetz\/kulturwochen\/wp-json\/wp\/v2\/pages"}],"about":[{"href":"https:\/\/www2.rhein-erft-kreis.de\/kulturnetz\/kulturwochen\/wp-json\/wp\/v2\/types\/page"}],"author":[{"embeddable":true,"href":"https:\/\/www2.rhein-erft-kreis.de\/kulturnetz\/kulturwochen\/wp-json\/wp\/v2\/users\/2"}],"replies":[{"embeddable":true,"href":"https:\/\/www2.rhein-erft-kreis.de\/kulturnetz\/kulturwochen\/wp-json\/wp\/v2\/comments?post=79"}],"version-history":[{"count":17,"href":"https:\/\/www2.rhein-erft-kreis.de\/kulturnetz\/kulturwochen\/wp-json\/wp\/v2\/pages\/79\/revisions"}],"predecessor-version":[{"id":759,"href":"https:\/\/www2.rhein-erft-kreis.de\/kulturnetz\/kulturwochen\/wp-json\/wp\/v2\/pages\/79\/revisions\/759"}],"wp:attachment":[{"href":"https:\/\/www2.rhein-erft-kreis.de\/kulturnetz\/kulturwochen\/wp-json\/wp\/v2\/media?parent=79"}],"curies":[{"name":"wp","href":"https:\/\/api.w.org\/{rel}","templated":true}]}}