{"id":77,"date":"2020-06-18T10:57:21","date_gmt":"2020-06-18T08:57:21","guid":{"rendered":"https:\/\/rhein-erft-kreis.de\/kulturnetz\/kulturwochen\/?page_id=77"},"modified":"2022-08-22T15:30:52","modified_gmt":"2022-08-22T13:30:52","slug":"bruehl","status":"publish","type":"page","link":"https:\/\/www2.rhein-erft-kreis.de\/kulturnetz\/kulturwochen\/bruehl\/","title":{"rendered":"Br\u00fchl"},"content":{"rendered":"\t\t<div data-elementor-type=\"wp-page\" data-elementor-id=\"77\" class=\"elementor elementor-77\" data-elementor-settings=\"[]\">\n\t\t\t\t\t\t<div class=\"elementor-inner\">\n\t\t\t\t\t\t\t<div class=\"elementor-section-wrap\">\n\t\t\t\t\t\t\t<section class=\"elementor-section elementor-top-section elementor-element elementor-element-8ce5223 elementor-section-boxed elementor-section-height-default elementor-section-height-default\" data-id=\"8ce5223\" data-element_type=\"section\">\n\t\t\t\t\t\t<div class=\"elementor-container elementor-column-gap-default\">\n\t\t\t\t\t\t\t<div class=\"elementor-row\">\n\t\t\t\t\t<div class=\"elementor-column elementor-col-100 elementor-top-column elementor-element elementor-element-c8c67eb\" data-id=\"c8c67eb\" data-element_type=\"column\">\n\t\t\t<div class=\"elementor-column-wrap elementor-element-populated\">\n\t\t\t\t\t\t\t<div class=\"elementor-widget-wrap\">\n\t\t\t\t\t\t<section class=\"elementor-section elementor-inner-section elementor-element elementor-element-7509aa6 elementor-section-boxed elementor-section-height-default elementor-section-height-default\" data-id=\"7509aa6\" data-element_type=\"section\">\n\t\t\t\t\t\t<div class=\"elementor-container elementor-column-gap-default\">\n\t\t\t\t\t\t\t<div class=\"elementor-row\">\n\t\t\t\t\t<div class=\"elementor-column elementor-col-50 elementor-inner-column elementor-element elementor-element-4e0a37e\" data-id=\"4e0a37e\" data-element_type=\"column\">\n\t\t\t<div class=\"elementor-column-wrap elementor-element-populated\">\n\t\t\t\t\t\t\t<div class=\"elementor-widget-wrap\">\n\t\t\t\t\t\t<div class=\"elementor-element elementor-element-3846aa0 elementor-widget elementor-widget-text-editor\" data-id=\"3846aa0\" data-element_type=\"widget\" data-widget_type=\"text-editor.default\">\n\t\t\t\t<div class=\"elementor-widget-container\">\n\t\t\t\t\t<div class=\"elementor-text-editor elementor-clearfix\"><p style=\"font-size: 14px; line-height: 1.71429; text-align: left;\">Donnerstag 13.11.2022, 17.00. Uhr<\/p><p style=\"font-size: 14px; line-height: 1.71429; text-align: left;\"><strong>Kapitelsaal<\/strong><\/p><h2 style=\"text-align: left;\"><strong>Yuriy Gurzhy<\/strong><br \/><strong>Richard Wagner und die Klezmerband<\/strong><br \/><strong>Auf der Suche nach dem neuen j\u00fcdischen Sound in Deutschland<\/strong><\/h2><\/div>\n\t\t\t\t<\/div>\n\t\t\t\t<\/div>\n\t\t\t\t\t\t<\/div>\n\t\t\t\t\t<\/div>\n\t\t<\/div>\n\t\t\t\t<div class=\"elementor-column elementor-col-50 elementor-inner-column elementor-element elementor-element-7013160\" data-id=\"7013160\" data-element_type=\"column\">\n\t\t\t<div class=\"elementor-column-wrap elementor-element-populated\">\n\t\t\t\t\t\t\t<div class=\"elementor-widget-wrap\">\n\t\t\t\t\t\t<div class=\"elementor-element elementor-element-c3282f1 elementor-widget elementor-widget-image\" data-id=\"c3282f1\" data-element_type=\"widget\" data-widget_type=\"image.default\">\n\t\t\t\t<div class=\"elementor-widget-container\">\n\t\t\t\t\t<div class=\"elementor-image\">\n\t\t\t\t\t\t\t<figure class=\"wp-caption\">\n\t\t\t\t\t\t\t\t\t\t<img width=\"300\" height=\"200\" src=\"https:\/\/www2.rhein-erft-kreis.de\/kulturnetz\/kulturwochen\/wp-content\/uploads\/2022\/08\/Bruehl.2022-11-13_Yuriy-Gurzhy-2-300x200.jpg\" class=\"attachment-medium size-medium\" alt=\"\" loading=\"lazy\" srcset=\"https:\/\/www2.rhein-erft-kreis.de\/kulturnetz\/kulturwochen\/wp-content\/uploads\/2022\/08\/Bruehl.2022-11-13_Yuriy-Gurzhy-2-300x200.jpg 300w, https:\/\/www2.rhein-erft-kreis.de\/kulturnetz\/kulturwochen\/wp-content\/uploads\/2022\/08\/Bruehl.2022-11-13_Yuriy-Gurzhy-2-1024x683.jpg 1024w, https:\/\/www2.rhein-erft-kreis.de\/kulturnetz\/kulturwochen\/wp-content\/uploads\/2022\/08\/Bruehl.2022-11-13_Yuriy-Gurzhy-2-768x512.jpg 768w, https:\/\/www2.rhein-erft-kreis.de\/kulturnetz\/kulturwochen\/wp-content\/uploads\/2022\/08\/Bruehl.2022-11-13_Yuriy-Gurzhy-2-1536x1024.jpg 1536w, https:\/\/www2.rhein-erft-kreis.de\/kulturnetz\/kulturwochen\/wp-content\/uploads\/2022\/08\/Bruehl.2022-11-13_Yuriy-Gurzhy-2-800x533.jpg 800w, https:\/\/www2.rhein-erft-kreis.de\/kulturnetz\/kulturwochen\/wp-content\/uploads\/2022\/08\/Bruehl.2022-11-13_Yuriy-Gurzhy-2.jpg 2048w\" sizes=\"(max-width: 300px) 100vw, 300px\" \/>\t\t\t\t\t\t\t\t\t\t\t<figcaption class=\"widget-image-caption wp-caption-text\">\u00a9 Pavol Putnoki<\/figcaption>\n\t\t\t\t\t\t\t\t\t\t<\/figure>\n\t\t\t\t\t<\/div>\n\t\t\t\t<\/div>\n\t\t\t\t<\/div>\n\t\t\t\t\t\t<\/div>\n\t\t\t\t\t<\/div>\n\t\t<\/div>\n\t\t\t\t\t\t\t\t<\/div>\n\t\t\t\t\t<\/div>\n\t\t<\/section>\n\t\t\t\t<div class=\"elementor-element elementor-element-09fd0f7 elementor-widget elementor-widget-text-editor\" data-id=\"09fd0f7\" data-element_type=\"widget\" data-widget_type=\"text-editor.default\">\n\t\t\t\t<div class=\"elementor-widget-container\">\n\t\t\t\t\t<div class=\"elementor-text-editor elementor-clearfix\"><p>Der bekannte Dj und Musiker Yuriy Gurzhy ist seit seiner Emigration von der Ukraine nach Berlin auf der Suche nach dem aktuellem j\u00fcdischen Sound Deutschlands. Gemeinsam mit Gurzhy entdecken die Leser*innen unterschiedliche Akteur*innen auf ihrer Reise von den verrauchten Berliner Clubs bis in die Frankfurter Festhalle. Yuriys Interviewpartner sind u. a. ein Rabbiner, der Musikparodien schreibt, eine S\u00e4ngerin, die bayerische Folklore mit jiddischen Songs vereint und sein alter Freund und Russen-Disko-Mitstreiter Wladimir Kaminer. Die Stimmen in diesem Buch geh\u00f6ren den Menschen, die direkt und indirekt die zeitgen\u00f6ssische j\u00fcdische Musikszene dieses Landes beeinflusst und kreiert haben.<\/p><\/div>\n\t\t\t\t<\/div>\n\t\t\t\t<\/div>\n\t\t\t\t<div class=\"elementor-element elementor-element-b94c7ee elementor-widget elementor-widget-text-editor\" data-id=\"b94c7ee\" data-element_type=\"widget\" data-widget_type=\"text-editor.default\">\n\t\t\t\t<div class=\"elementor-widget-container\">\n\t\t\t\t\t<div class=\"elementor-text-editor elementor-clearfix\"><p><strong><em>Eintrittspreis:\u00a0<\/em><\/strong><\/p><ul><li>VVK 14,10\u20ac\/ 7,50\u20ac AK 17,00\u20ac\/10,00\u20ac<\/li><\/ul><p><strong><em>Vorverkaufsstellen:\u00a0\u00a0<\/em><\/strong><\/p><ul><li>br\u00fchl-info (Uhlstr.1, 50321 Br\u00fchl),<\/li><li>https:\/\/www.bruehl.de\/veranstaltungen.aspx ,<\/li><li>k\u00f6lnticket, eventim<\/li><\/ul><hr \/><pre>Veranstalter: Stadt Br\u00fchl<br \/>Tel: 02232 79 3480<br \/>E-Mail: LHajdu@bruehl.de<\/pre><\/div>\n\t\t\t\t<\/div>\n\t\t\t\t<\/div>\n\t\t\t\t<div class=\"elementor-element elementor-element-34c34b0 elementor-widget-divider--view-line elementor-widget elementor-widget-divider\" data-id=\"34c34b0\" data-element_type=\"widget\" data-widget_type=\"divider.default\">\n\t\t\t\t<div class=\"elementor-widget-container\">\n\t\t\t\t\t<div class=\"elementor-divider\">\n\t\t\t<span class=\"elementor-divider-separator\">\n\t\t\t\t\t\t<\/span>\n\t\t<\/div>\n\t\t\t\t<\/div>\n\t\t\t\t<\/div>\n\t\t\t\t\t\t<\/div>\n\t\t\t\t\t<\/div>\n\t\t<\/div>\n\t\t\t\t\t\t\t\t<\/div>\n\t\t\t\t\t<\/div>\n\t\t<\/section>\n\t\t\t\t\t\t<\/div>\n\t\t\t\t\t\t<\/div>\n\t\t\t\t\t<\/div>\n\t\t","protected":false},"excerpt":{"rendered":"<p>Donnerstag 13.11.2022, 17.00. Uhr Kapitelsaal Yuriy GurzhyRichard Wagner und die KlezmerbandAuf der Suche nach dem neuen j\u00fcdischen Sound in Deutschland \u00a9 Pavol Putnoki Der bekannte Dj und Musiker Yuriy Gurzhy ist seit seiner Emigration von der Ukraine nach Berlin auf der Suche nach dem aktuellem j\u00fcdischen Sound Deutschlands. Gemeinsam mit Gurzhy entdecken die Leser*innen unterschiedliche Akteur*innen auf ihrer Reise von<\/p>\n<p><a class=\"more-link\" href=\"https:\/\/www2.rhein-erft-kreis.de\/kulturnetz\/kulturwochen\/bruehl\/\">Weiterlesen<\/a><\/p>\n","protected":false},"author":2,"featured_media":0,"parent":0,"menu_order":0,"comment_status":"closed","ping_status":"closed","template":"","meta":[],"_links":{"self":[{"href":"https:\/\/www2.rhein-erft-kreis.de\/kulturnetz\/kulturwochen\/wp-json\/wp\/v2\/pages\/77"}],"collection":[{"href":"https:\/\/www2.rhein-erft-kreis.de\/kulturnetz\/kulturwochen\/wp-json\/wp\/v2\/pages"}],"about":[{"href":"https:\/\/www2.rhein-erft-kreis.de\/kulturnetz\/kulturwochen\/wp-json\/wp\/v2\/types\/page"}],"author":[{"embeddable":true,"href":"https:\/\/www2.rhein-erft-kreis.de\/kulturnetz\/kulturwochen\/wp-json\/wp\/v2\/users\/2"}],"replies":[{"embeddable":true,"href":"https:\/\/www2.rhein-erft-kreis.de\/kulturnetz\/kulturwochen\/wp-json\/wp\/v2\/comments?post=77"}],"version-history":[{"count":32,"href":"https:\/\/www2.rhein-erft-kreis.de\/kulturnetz\/kulturwochen\/wp-json\/wp\/v2\/pages\/77\/revisions"}],"predecessor-version":[{"id":833,"href":"https:\/\/www2.rhein-erft-kreis.de\/kulturnetz\/kulturwochen\/wp-json\/wp\/v2\/pages\/77\/revisions\/833"}],"wp:attachment":[{"href":"https:\/\/www2.rhein-erft-kreis.de\/kulturnetz\/kulturwochen\/wp-json\/wp\/v2\/media?parent=77"}],"curies":[{"name":"wp","href":"https:\/\/api.w.org\/{rel}","templated":true}]}}