{"id":74,"date":"2020-06-18T10:56:28","date_gmt":"2020-06-18T08:56:28","guid":{"rendered":"https:\/\/rhein-erft-kreis.de\/kulturnetz\/kulturwochen\/?page_id=74"},"modified":"2022-08-15T16:12:03","modified_gmt":"2022-08-15T14:12:03","slug":"bergheim","status":"publish","type":"page","link":"https:\/\/www2.rhein-erft-kreis.de\/kulturnetz\/kulturwochen\/bergheim\/","title":{"rendered":"Bergheim"},"content":{"rendered":"\t\t<div data-elementor-type=\"wp-page\" data-elementor-id=\"74\" class=\"elementor elementor-74\" data-elementor-settings=\"[]\">\n\t\t\t\t\t\t<div class=\"elementor-inner\">\n\t\t\t\t\t\t\t<div class=\"elementor-section-wrap\">\n\t\t\t\t\t\t\t<section class=\"elementor-section elementor-top-section elementor-element elementor-element-f6914d6 elementor-section-boxed elementor-section-height-default elementor-section-height-default\" data-id=\"f6914d6\" data-element_type=\"section\">\n\t\t\t\t\t\t<div class=\"elementor-container elementor-column-gap-default\">\n\t\t\t\t\t\t\t<div class=\"elementor-row\">\n\t\t\t\t\t<div class=\"elementor-column elementor-col-100 elementor-top-column elementor-element elementor-element-6cf144e\" data-id=\"6cf144e\" data-element_type=\"column\">\n\t\t\t<div class=\"elementor-column-wrap elementor-element-populated\">\n\t\t\t\t\t\t\t<div class=\"elementor-widget-wrap\">\n\t\t\t\t\t\t<section class=\"elementor-section elementor-inner-section elementor-element elementor-element-3542852 elementor-section-boxed elementor-section-height-default elementor-section-height-default\" data-id=\"3542852\" data-element_type=\"section\">\n\t\t\t\t\t\t<div class=\"elementor-container elementor-column-gap-default\">\n\t\t\t\t\t\t\t<div class=\"elementor-row\">\n\t\t\t\t\t<div class=\"elementor-column elementor-col-50 elementor-inner-column elementor-element elementor-element-a6e029c\" data-id=\"a6e029c\" data-element_type=\"column\">\n\t\t\t<div class=\"elementor-column-wrap elementor-element-populated\">\n\t\t\t\t\t\t\t<div class=\"elementor-widget-wrap\">\n\t\t\t\t\t\t<div class=\"elementor-element elementor-element-48ac93a elementor-widget elementor-widget-text-editor\" data-id=\"48ac93a\" data-element_type=\"widget\" data-widget_type=\"text-editor.default\">\n\t\t\t\t<div class=\"elementor-widget-container\">\n\t\t\t\t\t<div class=\"elementor-text-editor elementor-clearfix\"><p style=\"font-size: 14px; line-height: 1.71429; text-align: left;\">Dienstag, 18.10.2022, 19.00 Uhr<\/p><p style=\"font-size: 14px; line-height: 1.71429; text-align: left;\"><strong>MEDIO.RHEIN.ERFT, Konrad-Adenauer-Platz 1, 50126 Bergheim<\/strong><\/p><h2 style=\"text-align: left;\"><strong>Deutschland. Ein Winterm\u00e4rchen<\/strong><br \/><strong>Georg Stephan spielt Heinrich Heine<\/strong><\/h2><\/div>\n\t\t\t\t<\/div>\n\t\t\t\t<\/div>\n\t\t\t\t\t\t<\/div>\n\t\t\t\t\t<\/div>\n\t\t<\/div>\n\t\t\t\t<div class=\"elementor-column elementor-col-50 elementor-inner-column elementor-element elementor-element-6fedf3f\" data-id=\"6fedf3f\" data-element_type=\"column\">\n\t\t\t<div class=\"elementor-column-wrap elementor-element-populated\">\n\t\t\t\t\t\t\t<div class=\"elementor-widget-wrap\">\n\t\t\t\t\t\t<div class=\"elementor-element elementor-element-0bba941 elementor-widget elementor-widget-image\" data-id=\"0bba941\" data-element_type=\"widget\" data-widget_type=\"image.default\">\n\t\t\t\t<div class=\"elementor-widget-container\">\n\t\t\t\t\t<div class=\"elementor-image\">\n\t\t\t\t\t\t\t\t\t\t<img width=\"300\" height=\"200\" src=\"https:\/\/www2.rhein-erft-kreis.de\/kulturnetz\/kulturwochen\/wp-content\/uploads\/2022\/08\/Bergheim.2022_10_18_Foto_Wintermaerchen2_c_JudithJohns-300x200.jpg\" class=\"attachment-medium size-medium\" alt=\"\" loading=\"lazy\" srcset=\"https:\/\/www2.rhein-erft-kreis.de\/kulturnetz\/kulturwochen\/wp-content\/uploads\/2022\/08\/Bergheim.2022_10_18_Foto_Wintermaerchen2_c_JudithJohns-300x200.jpg 300w, https:\/\/www2.rhein-erft-kreis.de\/kulturnetz\/kulturwochen\/wp-content\/uploads\/2022\/08\/Bergheim.2022_10_18_Foto_Wintermaerchen2_c_JudithJohns-1024x683.jpg 1024w, https:\/\/www2.rhein-erft-kreis.de\/kulturnetz\/kulturwochen\/wp-content\/uploads\/2022\/08\/Bergheim.2022_10_18_Foto_Wintermaerchen2_c_JudithJohns-768x512.jpg 768w, https:\/\/www2.rhein-erft-kreis.de\/kulturnetz\/kulturwochen\/wp-content\/uploads\/2022\/08\/Bergheim.2022_10_18_Foto_Wintermaerchen2_c_JudithJohns-1536x1024.jpg 1536w, https:\/\/www2.rhein-erft-kreis.de\/kulturnetz\/kulturwochen\/wp-content\/uploads\/2022\/08\/Bergheim.2022_10_18_Foto_Wintermaerchen2_c_JudithJohns-2048x1365.jpg 2048w, https:\/\/www2.rhein-erft-kreis.de\/kulturnetz\/kulturwochen\/wp-content\/uploads\/2022\/08\/Bergheim.2022_10_18_Foto_Wintermaerchen2_c_JudithJohns-800x533.jpg 800w\" sizes=\"(max-width: 300px) 100vw, 300px\" \/>\t\t\t\t\t\t\t\t\t\t\t<\/div>\n\t\t\t\t<\/div>\n\t\t\t\t<\/div>\n\t\t\t\t\t\t<\/div>\n\t\t\t\t\t<\/div>\n\t\t<\/div>\n\t\t\t\t\t\t\t\t<\/div>\n\t\t\t\t\t<\/div>\n\t\t<\/section>\n\t\t\t\t<div class=\"elementor-element elementor-element-559fff8 elementor-widget elementor-widget-text-editor\" data-id=\"559fff8\" data-element_type=\"widget\" data-widget_type=\"text-editor.default\">\n\t\t\t\t<div class=\"elementor-widget-container\">\n\t\t\t\t\t<div class=\"elementor-text-editor elementor-clearfix\"><p>Geistreich und lebendig springt der Dichter <br \/>Heinrich Heine auf seiner Reise durch Zeit und Raum ins kalte Wasser deutscher Geschichte, legt sich mit einem rotb\u00e4rtigen Kaiser an, gruselt sich im K\u00f6lner Dom, heult mit den W\u00f6lfen im Teutoburger Wald&#8230;<\/p><p>Alle 2.132 hocham\u00fcsanten Verse bringt der Schauspieler Georg Stephan erstmals als Solo-Theaterabend auf die B\u00fchne. Er zeigt, dass Heinrich Heines Werk auch in unsere aktuelle Zeit passt.<\/p><\/div>\n\t\t\t\t<\/div>\n\t\t\t\t<\/div>\n\t\t\t\t<div class=\"elementor-element elementor-element-e6038d8 elementor-widget elementor-widget-text-editor\" data-id=\"e6038d8\" data-element_type=\"widget\" data-widget_type=\"text-editor.default\">\n\t\t\t\t<div class=\"elementor-widget-container\">\n\t\t\t\t\t<div class=\"elementor-text-editor elementor-clearfix\"><p><strong><em>Eintrittspreis:\u00a0<\/em><\/strong><\/p>\n<ul>\n<li><span style=\"font-size: 14px; color: var( --e-global-color-text ); font-family: var( --e-global-typography-text-font-family ), Sans-serif; font-weight: var( --e-global-typography-text-font-weight );\">VVK 19,80 \u20ac; erm. 9,90 \u20ac\u00a0<\/span><\/li>\n<li><span style=\"font-size: 14px; color: var( --e-global-color-text ); font-family: var( --e-global-typography-text-font-family ), Sans-serif; font-weight: var( --e-global-typography-text-font-weight );\">AK 22 \u20ac; erm. 11 \u20ac.<\/span><\/li>\n<li><span style=\"font-size: 14px; color: var( --e-global-color-text ); font-family: var( --e-global-typography-text-font-family ), Sans-serif; font-weight: var( --e-global-typography-text-font-weight );\">Je nach Verkaufsstelle f\u00e4llt eine zus\u00e4tzliche Servicegeb\u00fchr an.<\/span><\/li>\n<\/ul>\n<hr \/>\n<pre>Veranstalter: <span style=\"font-size: 12px;\">BM.CULTURA &amp; STADT.BIBLIOTHEK.BERGHEIM, \nTel: 02271 9868555\nMail: programm@bm-cultura.de,<\/span><\/pre><\/div>\n\t\t\t\t<\/div>\n\t\t\t\t<\/div>\n\t\t\t\t<div class=\"elementor-element elementor-element-fb15270 elementor-widget-divider--view-line elementor-widget elementor-widget-divider\" data-id=\"fb15270\" data-element_type=\"widget\" data-widget_type=\"divider.default\">\n\t\t\t\t<div class=\"elementor-widget-container\">\n\t\t\t\t\t<div class=\"elementor-divider\">\n\t\t\t<span class=\"elementor-divider-separator\">\n\t\t\t\t\t\t<\/span>\n\t\t<\/div>\n\t\t\t\t<\/div>\n\t\t\t\t<\/div>\n\t\t\t\t\t\t<\/div>\n\t\t\t\t\t<\/div>\n\t\t<\/div>\n\t\t\t\t\t\t\t\t<\/div>\n\t\t\t\t\t<\/div>\n\t\t<\/section>\n\t\t\t\t\t\t<\/div>\n\t\t\t\t\t\t<\/div>\n\t\t\t\t\t<\/div>\n\t\t","protected":false},"excerpt":{"rendered":"<p>Dienstag, 18.10.2022, 19.00 Uhr MEDIO.RHEIN.ERFT, Konrad-Adenauer-Platz 1, 50126 Bergheim Deutschland. Ein Winterm\u00e4rchenGeorg Stephan spielt Heinrich Heine Geistreich und lebendig springt der Dichter Heinrich Heine auf seiner Reise durch Zeit und Raum ins kalte Wasser deutscher Geschichte, legt sich mit einem rotb\u00e4rtigen Kaiser an, gruselt sich im K\u00f6lner Dom, heult mit den W\u00f6lfen im Teutoburger Wald&#8230; Alle 2.132 hocham\u00fcsanten Verse bringt<\/p>\n<p><a class=\"more-link\" href=\"https:\/\/www2.rhein-erft-kreis.de\/kulturnetz\/kulturwochen\/bergheim\/\">Weiterlesen<\/a><\/p>\n","protected":false},"author":2,"featured_media":0,"parent":0,"menu_order":0,"comment_status":"closed","ping_status":"closed","template":"","meta":[],"_links":{"self":[{"href":"https:\/\/www2.rhein-erft-kreis.de\/kulturnetz\/kulturwochen\/wp-json\/wp\/v2\/pages\/74"}],"collection":[{"href":"https:\/\/www2.rhein-erft-kreis.de\/kulturnetz\/kulturwochen\/wp-json\/wp\/v2\/pages"}],"about":[{"href":"https:\/\/www2.rhein-erft-kreis.de\/kulturnetz\/kulturwochen\/wp-json\/wp\/v2\/types\/page"}],"author":[{"embeddable":true,"href":"https:\/\/www2.rhein-erft-kreis.de\/kulturnetz\/kulturwochen\/wp-json\/wp\/v2\/users\/2"}],"replies":[{"embeddable":true,"href":"https:\/\/www2.rhein-erft-kreis.de\/kulturnetz\/kulturwochen\/wp-json\/wp\/v2\/comments?post=74"}],"version-history":[{"count":49,"href":"https:\/\/www2.rhein-erft-kreis.de\/kulturnetz\/kulturwochen\/wp-json\/wp\/v2\/pages\/74\/revisions"}],"predecessor-version":[{"id":720,"href":"https:\/\/www2.rhein-erft-kreis.de\/kulturnetz\/kulturwochen\/wp-json\/wp\/v2\/pages\/74\/revisions\/720"}],"wp:attachment":[{"href":"https:\/\/www2.rhein-erft-kreis.de\/kulturnetz\/kulturwochen\/wp-json\/wp\/v2\/media?parent=74"}],"curies":[{"name":"wp","href":"https:\/\/api.w.org\/{rel}","templated":true}]}}